{"id":5,"date":"2018-04-04T09:58:13","date_gmt":"2018-04-04T09:58:13","guid":{"rendered":"http:\/\/www.urrotz.org\/nombre_pueblo\/"},"modified":"2026-05-14T18:11:57","modified_gmt":"2026-05-14T18:11:57","slug":"urrotz","status":"publish","type":"page","link":"http:\/\/www.urrotz.eus\/es\/urrotz\/","title":{"rendered":"Ayuntamiento"},"content":{"rendered":"<p><\/p>\n<ul>\n<li><strong>Direcci\u00f3n:<\/strong> Calle San Miguel 1-1, 31752 Urroz (Navarra)<\/li>\n<li><strong>Horario<\/strong>: 9:00 h. a 15:00 h., martes.<\/li>\n<li><strong>Tel\u00e9fono:<\/strong> 948 45 00 13<\/li>\n<li><strong>E-mail:<\/strong> udala@urrotz.eus<\/li>\n<\/ul>\n<h2>Comisi\u00f3n gestora:<\/h2>\n<ul>\n<li>PRESIDENTE: Josu Zozaya Ubiria<\/li>\n<li>Unai Madariaga Iribarren<\/li>\n<li>Francisco Javier Urroz Tellechea<\/li>\n<li>Maria Elizondo Echegu\u00eda<\/li>\n<li>Daniel Saldias Murillo<\/li>\n<\/ul>\n<h2>Secretar\u00eda:<\/h2>\n<ul>\n<li>Ander Abuin Yepes<\/li>\n<\/ul>\n<h2>Datos generales<\/h2>\n<ul>\n<li><strong>Ayuntamiento de:<\/strong> Urroz<\/li>\n<li><strong>Comunidad Aut\u00f3noma:<\/strong> Navarra<\/li>\n<li><strong>Categor\u00eda Hist\u00f3rica:<\/strong> Lugar<\/li>\n<li><strong>Categor\u00eda Administrativa:<\/strong> Ayuntamiento<\/li>\n<li><strong>Partido Judicial:<\/strong> Pamplona<\/li>\n<li><strong>Merindad:<\/strong> Pamplona<\/li>\n<li><strong>Comarca Geogr\u00e1fica:<\/strong> Malerreka<\/li>\n<li><strong>Poblaci\u00f3n en 2016:<\/strong> 188<\/li>\n<li><strong>Superficie:<\/strong> 10,50 Km\u00b2<\/li>\n<li><strong>Altitud en el Ayuntamiento:<\/strong> 323 metros<\/li>\n<li><strong>Distancia a Pamplona:<\/strong> 60 Km<\/li>\n<li><strong>Comunicaciones\/Carreteras de Acceso:<\/strong>\n<ul>\n<li>Pamplona-Santesteban: NA-121-A.<\/li>\n<li>Ir\u00fan-Santesteban:NA-121-A. de Santesteban a 5 Km, direcci\u00f3n Labaien.<\/li>\n<\/ul>\n<\/li>\n<li><strong>Gentilicio:<\/strong> Urroztarra<\/li>\n<\/ul>\n<p><\/p>","protected":false},"excerpt":{"rendered":"<p>Direcci\u00f3n: Calle San Miguel 1-1, 31752 Urroz (Navarra) Horario: 9:00 h. a 15:00 h., martes. Tel\u00e9fono: 948 45 00 13 E-mail: udala@urrotz.eus Comisi\u00f3n gestora: PRESIDENTE: Josu Zozaya Ubiria Unai Madariaga Iribarren Francisco Javier Urroz Tellechea Maria Elizondo Echegu\u00eda Daniel Saldias&hellip; <\/p>\n","protected":false},"author":1,"featured_media":92,"parent":0,"menu_order":18,"comment_status":"closed","ping_status":"closed","template":"","meta":{"_monsterinsights_skip_tracking":false,"_monsterinsights_sitenote_active":false,"_monsterinsights_sitenote_note":"","_monsterinsights_sitenote_category":0,"footnotes":""},"class_list":["post-5","page","type-page","status-publish","has-post-thumbnail","hentry"],"yoast_head":"<!-- This site is optimized with the Yoast SEO plugin v26.8 - https:\/\/yoast.com\/product\/yoast-seo-wordpress\/ -->\r\n<title>Ayuntamiento - Ayuntamiento de Urrotz<\/title>\r\n<meta name=\"robots\" content=\"index, follow, max-snippet:-1, max-image-preview:large, max-video-preview:-1\" \/>\r\n<link rel=\"canonical\" href=\"http:\/\/www.urrotz.eus\/es\/urrotz\/\" \/>\r\n<meta property=\"og:locale\" content=\"es_ES\" \/>\r\n<meta property=\"og:type\" content=\"article\" \/>\r\n<meta property=\"og:title\" content=\"Ayuntamiento - Ayuntamiento de Urrotz\" \/>\r\n<meta property=\"og:description\" content=\"Direcci\u00f3n: Calle San Miguel 1-1, 31752 Urroz (Navarra) Horario: 9:00 h. a 15:00 h., martes. Tel\u00e9fono: 948 45 00 13 E-mail: udala@urrotz.eus Comisi\u00f3n gestora: PRESIDENTE: Josu Zozaya Ubiria Unai Madariaga Iribarren Francisco Javier Urroz Tellechea Maria Elizondo Echegu\u00eda Daniel Saldias&hellip;\" \/>\r\n<meta property=\"og:url\" content=\"http:\/\/www.urrotz.eus\/es\/urrotz\/\" \/>\r\n<meta property=\"og:site_name\" content=\"Ayuntamiento de Urrotz\" \/>\r\n<meta property=\"article:modified_time\" content=\"2026-05-14T18:11:57+00:00\" \/>\r\n<meta property=\"og:image\" content=\"http:\/\/www.urrotz.eus\/wp-content\/uploads\/sites\/33\/2018\/04\/Slider-Urrotz1.jpg\" \/>\r\n\t<meta property=\"og:image:width\" content=\"1018\" \/>\r\n\t<meta property=\"og:image:height\" content=\"275\" \/>\r\n\t<meta property=\"og:image:type\" content=\"image\/jpeg\" \/>\r\n<meta name=\"twitter:card\" content=\"summary_large_image\" \/>\r\n<meta name=\"twitter:label1\" content=\"Tiempo de lectura\" \/>\n\t<meta name=\"twitter:data1\" content=\"1 minuto\" \/>\r\n<script type=\"application\/ld+json\" class=\"yoast-schema-graph\">{\"@context\":\"https:\/\/schema.org\",\"@graph\":[{\"@type\":\"WebPage\",\"@id\":\"http:\/\/www.urrotz.eus\/es\/urrotz\/\",\"url\":\"http:\/\/www.urrotz.eus\/es\/urrotz\/\",\"name\":\"Ayuntamiento - Ayuntamiento de Urrotz\",\"isPartOf\":{\"@id\":\"http:\/\/www.urrotz.eus\/es\/#website\"},\"primaryImageOfPage\":{\"@id\":\"http:\/\/www.urrotz.eus\/es\/urrotz\/#primaryimage\"},\"image\":{\"@id\":\"http:\/\/www.urrotz.eus\/urrotz\/#primaryimage\"},\"thumbnailUrl\":\"http:\/\/www.urrotz.eus\/wp-content\/uploads\/sites\/33\/2018\/04\/Slider-Urrotz1.jpg\",\"datePublished\":\"2018-04-04T09:58:13+00:00\",\"dateModified\":\"2026-05-14T18:11:57+00:00\",\"breadcrumb\":{\"@id\":\"http:\/\/www.urrotz.eus\/es\/urrotz\/#breadcrumb\"},\"inLanguage\":\"es\",\"potentialAction\":[{\"@type\":\"ReadAction\",\"target\":[[\"http:\/\/www.urrotz.eus\/es\/urrotz\/\"]]}]},{\"@type\":\"ImageObject\",\"inLanguage\":\"es\",\"@id\":\"http:\/\/www.urrotz.eus\/es\/urrotz\/#primaryimage\",\"url\":\"http:\/\/www.urrotz.eus\/wp-content\/uploads\/sites\/33\/2018\/04\/Slider-Urrotz1.jpg\",\"contentUrl\":\"http:\/\/www.urrotz.eus\/wp-content\/uploads\/sites\/33\/2018\/04\/Slider-Urrotz1.jpg\",\"width\":1018,\"height\":275},{\"@type\":\"BreadcrumbList\",\"@id\":\"http:\/\/www.urrotz.eus\/es\/urrotz\/#breadcrumb\",\"itemListElement\":[{\"@type\":\"ListItem\",\"position\":1,\"name\":\"Home\",\"item\":\"http:\/\/www.urrotz.eus\/es\/\"},{\"@type\":\"ListItem\",\"position\":2,\"name\":\"Udala\"}]},{\"@type\":\"WebSite\",\"@id\":\"http:\/\/www.urrotz.eus\/es\/#website\",\"url\":\"http:\/\/www.urrotz.eus\/es\/\",\"name\":\"Ayuntamiento de Urrotz\",\"description\":\"Sitio web del Ayuntamiento de Urrotz\",\"potentialAction\":[{\"@type\":\"SearchAction\",\"target\":{\"@type\":\"EntryPoint\",\"urlTemplate\":\"http:\/\/www.urrotz.eus\/es\/?s={search_term_string}\"},\"query-input\":{\"@type\":\"PropertyValueSpecification\",\"valueRequired\":true,\"valueName\":\"search_term_string\"}}],\"inLanguage\":\"es\"}]}<\/script>\r\n<!-- \/ Yoast SEO plugin. -->","yoast_head_json":{"title":"Ayuntamiento - Ayuntamiento de Urrotz","robots":{"index":"index","follow":"follow","max-snippet":"max-snippet:-1","max-image-preview":"max-image-preview:large","max-video-preview":"max-video-preview:-1"},"canonical":"http:\/\/www.urrotz.eus\/es\/urrotz\/","og_locale":"es_ES","og_type":"article","og_title":"Ayuntamiento - Ayuntamiento de Urrotz","og_description":"Direcci\u00f3n: Calle San Miguel 1-1, 31752 Urroz (Navarra) Horario: 9:00 h. a 15:00 h., martes. Tel\u00e9fono: 948 45 00 13 E-mail: udala@urrotz.eus Comisi\u00f3n gestora: PRESIDENTE: Josu Zozaya Ubiria Unai Madariaga Iribarren Francisco Javier Urroz Tellechea Maria Elizondo Echegu\u00eda Daniel Saldias&hellip;","og_url":"http:\/\/www.urrotz.eus\/es\/urrotz\/","og_site_name":"Ayuntamiento de Urrotz","article_modified_time":"2026-05-14T18:11:57+00:00","og_image":[{"width":1018,"height":275,"url":"http:\/\/www.urrotz.eus\/wp-content\/uploads\/sites\/33\/2018\/04\/Slider-Urrotz1.jpg","type":"image\/jpeg"}],"twitter_card":"summary_large_image","twitter_misc":{"Tiempo de lectura":"1 minuto"},"schema":{"@context":"https:\/\/schema.org","@graph":[{"@type":"WebPage","@id":"http:\/\/www.urrotz.eus\/es\/urrotz\/","url":"http:\/\/www.urrotz.eus\/es\/urrotz\/","name":"Ayuntamiento - Ayuntamiento de Urrotz","isPartOf":{"@id":"http:\/\/www.urrotz.eus\/es\/#website"},"primaryImageOfPage":{"@id":"http:\/\/www.urrotz.eus\/es\/urrotz\/#primaryimage"},"image":{"@id":"http:\/\/www.urrotz.eus\/urrotz\/#primaryimage"},"thumbnailUrl":"http:\/\/www.urrotz.eus\/wp-content\/uploads\/sites\/33\/2018\/04\/Slider-Urrotz1.jpg","datePublished":"2018-04-04T09:58:13+00:00","dateModified":"2026-05-14T18:11:57+00:00","breadcrumb":{"@id":"http:\/\/www.urrotz.eus\/es\/urrotz\/#breadcrumb"},"inLanguage":"es","potentialAction":[{"@type":"ReadAction","target":[["http:\/\/www.urrotz.eus\/es\/urrotz\/"]]}]},{"@type":"ImageObject","inLanguage":"es","@id":"http:\/\/www.urrotz.eus\/es\/urrotz\/#primaryimage","url":"http:\/\/www.urrotz.eus\/wp-content\/uploads\/sites\/33\/2018\/04\/Slider-Urrotz1.jpg","contentUrl":"http:\/\/www.urrotz.eus\/wp-content\/uploads\/sites\/33\/2018\/04\/Slider-Urrotz1.jpg","width":1018,"height":275},{"@type":"BreadcrumbList","@id":"http:\/\/www.urrotz.eus\/es\/urrotz\/#breadcrumb","itemListElement":[{"@type":"ListItem","position":1,"name":"Home","item":"http:\/\/www.urrotz.eus\/es\/"},{"@type":"ListItem","position":2,"name":"Udala"}]},{"@type":"WebSite","@id":"http:\/\/www.urrotz.eus\/es\/#website","url":"http:\/\/www.urrotz.eus\/es\/","name":"Ayuntamiento de Urrotz","description":"Sitio web del Ayuntamiento de Urrotz","potentialAction":[{"@type":"SearchAction","target":{"@type":"EntryPoint","urlTemplate":"http:\/\/www.urrotz.eus\/es\/?s={search_term_string}"},"query-input":{"@type":"PropertyValueSpecification","valueRequired":true,"valueName":"search_term_string"}}],"inLanguage":"es"}]}},"_links":{"self":[{"href":"http:\/\/www.urrotz.eus\/es\/wp-json\/wp\/v2\/pages\/5","targetHints":{"allow":["GET"]}}],"collection":[{"href":"http:\/\/www.urrotz.eus\/es\/wp-json\/wp\/v2\/pages"}],"about":[{"href":"http:\/\/www.urrotz.eus\/es\/wp-json\/wp\/v2\/types\/page"}],"author":[{"embeddable":true,"href":"http:\/\/www.urrotz.eus\/es\/wp-json\/wp\/v2\/users\/1"}],"replies":[{"embeddable":true,"href":"http:\/\/www.urrotz.eus\/es\/wp-json\/wp\/v2\/comments?post=5"}],"version-history":[{"count":24,"href":"http:\/\/www.urrotz.eus\/es\/wp-json\/wp\/v2\/pages\/5\/revisions"}],"predecessor-version":[{"id":8426,"href":"http:\/\/www.urrotz.eus\/es\/wp-json\/wp\/v2\/pages\/5\/revisions\/8426"}],"wp:featuredmedia":[{"embeddable":true,"href":"http:\/\/www.urrotz.eus\/es\/wp-json\/wp\/v2\/media\/92"}],"wp:attachment":[{"href":"http:\/\/www.urrotz.eus\/es\/wp-json\/wp\/v2\/media?parent=5"}],"curies":[{"name":"wp","href":"https:\/\/api.w.org\/{rel}","templated":true}]}}