{"id":7266,"date":"2015-12-09T12:05:52","date_gmt":"2015-12-09T12:05:52","guid":{"rendered":"http:\/\/www.animsa.es\/?page_id=7266"},"modified":"2024-03-27T10:23:45","modified_gmt":"2024-03-27T10:23:45","slug":"normas-e-instituciones-municipales-orden-del-dia-actas-y-acuerdos","status":"publish","type":"page","link":"http:\/\/www.urrotz.eus\/es\/transparencia\/informacion-institucional-cargos-electos-y-personal-del-ayuntamiento\/normas-e-instituciones-municipales-orden-del-dia-actas-y-acuerdos\/","title":{"rendered":"Normas e instituciones municipales, orden del d\u00eda, actas y acuerdos"},"content":{"rendered":"<p><\/p>\n<ul>\n<li>C\u00f3digo \u00e9tico y de buen gobierno del Ayuntamiento.<\/li>\n<li>\u00d3rdenes del d\u00eda previas de los plenos municipales.<\/li>\n<li><a href=\"http:\/\/www.urrotz.eus\/es\/udal-osoko-bilkuretako-aktak\/\"><strong>Actas de los plenos municipales.<\/strong><\/a><\/li>\n<li>Acuerdos y actas de las Juntas de Gobierno Municipal.<\/li>\n<li>Videos y retransmisiones de los plenos municipales.<\/li>\n<li>Resoluciones judiciales que afectan al ayuntamiento.<\/li>\n<\/ul>\n<p><\/p>","protected":false},"excerpt":{"rendered":"<p>C\u00f3digo \u00e9tico y de buen gobierno del Ayuntamiento. \u00d3rdenes del d\u00eda previas de los plenos municipales. Actas de los plenos municipales. Acuerdos y actas de las Juntas de Gobierno Municipal. Videos y retransmisiones de los plenos municipales. Resoluciones judiciales que&hellip; <\/p>\n","protected":false},"author":1,"featured_media":0,"parent":7250,"menu_order":0,"comment_status":"closed","ping_status":"closed","template":"","meta":{"_monsterinsights_skip_tracking":false,"_monsterinsights_sitenote_active":false,"_monsterinsights_sitenote_note":"","_monsterinsights_sitenote_category":0,"footnotes":""},"class_list":["post-7266","page","type-page","status-publish","hentry"],"yoast_head":"<!-- This site is optimized with the Yoast SEO plugin v26.8 - https:\/\/yoast.com\/product\/yoast-seo-wordpress\/ -->\r\n<title>Normas e instituciones municipales, orden del d\u00eda, actas y acuerdos - Ayuntamiento de Urrotz<\/title>\r\n<meta name=\"robots\" content=\"index, follow, max-snippet:-1, max-image-preview:large, max-video-preview:-1\" \/>\r\n<link rel=\"canonical\" href=\"http:\/\/www.urrotz.eus\/es\/transparencia\/informacion-institucional-cargos-electos-y-personal-del-ayuntamiento\/normas-e-instituciones-municipales-orden-del-dia-actas-y-acuerdos\/\" \/>\r\n<meta property=\"og:locale\" content=\"es_ES\" \/>\r\n<meta property=\"og:type\" content=\"article\" \/>\r\n<meta property=\"og:title\" content=\"Normas e instituciones municipales, orden del d\u00eda, actas y acuerdos - Ayuntamiento de Urrotz\" \/>\r\n<meta property=\"og:description\" content=\"C\u00f3digo \u00e9tico y de buen gobierno del Ayuntamiento. \u00d3rdenes del d\u00eda previas de los plenos municipales. Actas de los plenos municipales. Acuerdos y actas de las Juntas de Gobierno Municipal. Videos y retransmisiones de los plenos municipales. Resoluciones judiciales que&hellip;\" \/>\r\n<meta property=\"og:url\" content=\"http:\/\/www.urrotz.eus\/es\/transparencia\/informacion-institucional-cargos-electos-y-personal-del-ayuntamiento\/normas-e-instituciones-municipales-orden-del-dia-actas-y-acuerdos\/\" \/>\r\n<meta property=\"og:site_name\" content=\"Ayuntamiento de Urrotz\" \/>\r\n<meta property=\"article:modified_time\" content=\"2024-03-27T10:23:45+00:00\" \/>\r\n<meta name=\"twitter:card\" content=\"summary_large_image\" \/>\r\n<meta name=\"twitter:label1\" content=\"Tiempo de lectura\" \/>\n\t<meta name=\"twitter:data1\" content=\"1 minuto\" \/>\r\n<script type=\"application\/ld+json\" class=\"yoast-schema-graph\">{\"@context\":\"https:\/\/schema.org\",\"@graph\":[{\"@type\":\"WebPage\",\"@id\":\"http:\/\/www.urrotz.eus\/es\/transparencia\/informacion-institucional-cargos-electos-y-personal-del-ayuntamiento\/normas-e-instituciones-municipales-orden-del-dia-actas-y-acuerdos\/\",\"url\":\"http:\/\/www.urrotz.eus\/es\/transparencia\/informacion-institucional-cargos-electos-y-personal-del-ayuntamiento\/normas-e-instituciones-municipales-orden-del-dia-actas-y-acuerdos\/\",\"name\":\"Normas e instituciones municipales, orden del d\u00eda, actas y acuerdos - Ayuntamiento de Urrotz\",\"isPartOf\":{\"@id\":\"http:\/\/www.urrotz.eus\/es\/#website\"},\"datePublished\":\"2015-12-09T12:05:52+00:00\",\"dateModified\":\"2024-03-27T10:23:45+00:00\",\"breadcrumb\":{\"@id\":\"http:\/\/www.urrotz.eus\/es\/transparencia\/informacion-institucional-cargos-electos-y-personal-del-ayuntamiento\/normas-e-instituciones-municipales-orden-del-dia-actas-y-acuerdos\/#breadcrumb\"},\"inLanguage\":\"es\",\"potentialAction\":[{\"@type\":\"ReadAction\",\"target\":[[\"http:\/\/www.urrotz.eus\/es\/transparencia\/informacion-institucional-cargos-electos-y-personal-del-ayuntamiento\/normas-e-instituciones-municipales-orden-del-dia-actas-y-acuerdos\/\"]]}]},{\"@type\":\"BreadcrumbList\",\"@id\":\"http:\/\/www.urrotz.eus\/es\/transparencia\/informacion-institucional-cargos-electos-y-personal-del-ayuntamiento\/normas-e-instituciones-municipales-orden-del-dia-actas-y-acuerdos\/#breadcrumb\",\"itemListElement\":[{\"@type\":\"ListItem\",\"position\":1,\"name\":\"Home\",\"item\":\"http:\/\/www.urrotz.eus\/es\/\"},{\"@type\":\"ListItem\",\"position\":2,\"name\":\"Gardentasun\",\"item\":\"http:\/\/www.urrotz.eus\/es\/transparencia\/\"},{\"@type\":\"ListItem\",\"position\":3,\"name\":\"Informazio instituzionala, hautetsiak eta udal langileak\",\"item\":\"http:\/\/www.urrotz.eus\/es\/transparencia\/informacion-institucional-cargos-electos-y-personal-del-ayuntamiento\/\"},{\"@type\":\"ListItem\",\"position\":4,\"name\":\"Normas e instituciones municipales, orden del d\u00eda, actas y acuerdos\"}]},{\"@type\":\"WebSite\",\"@id\":\"http:\/\/www.urrotz.eus\/es\/#website\",\"url\":\"http:\/\/www.urrotz.eus\/es\/\",\"name\":\"Ayuntamiento de Urrotz\",\"description\":\"Sitio web del Ayuntamiento de Urrotz\",\"potentialAction\":[{\"@type\":\"SearchAction\",\"target\":{\"@type\":\"EntryPoint\",\"urlTemplate\":\"http:\/\/www.urrotz.eus\/es\/?s={search_term_string}\"},\"query-input\":{\"@type\":\"PropertyValueSpecification\",\"valueRequired\":true,\"valueName\":\"search_term_string\"}}],\"inLanguage\":\"es\"}]}<\/script>\r\n<!-- \/ Yoast SEO plugin. -->","yoast_head_json":{"title":"Normas e instituciones municipales, orden del d\u00eda, actas y acuerdos - Ayuntamiento de Urrotz","robots":{"index":"index","follow":"follow","max-snippet":"max-snippet:-1","max-image-preview":"max-image-preview:large","max-video-preview":"max-video-preview:-1"},"canonical":"http:\/\/www.urrotz.eus\/es\/transparencia\/informacion-institucional-cargos-electos-y-personal-del-ayuntamiento\/normas-e-instituciones-municipales-orden-del-dia-actas-y-acuerdos\/","og_locale":"es_ES","og_type":"article","og_title":"Normas e instituciones municipales, orden del d\u00eda, actas y acuerdos - Ayuntamiento de Urrotz","og_description":"C\u00f3digo \u00e9tico y de buen gobierno del Ayuntamiento. \u00d3rdenes del d\u00eda previas de los plenos municipales. Actas de los plenos municipales. Acuerdos y actas de las Juntas de Gobierno Municipal. Videos y retransmisiones de los plenos municipales. Resoluciones judiciales que&hellip;","og_url":"http:\/\/www.urrotz.eus\/es\/transparencia\/informacion-institucional-cargos-electos-y-personal-del-ayuntamiento\/normas-e-instituciones-municipales-orden-del-dia-actas-y-acuerdos\/","og_site_name":"Ayuntamiento de Urrotz","article_modified_time":"2024-03-27T10:23:45+00:00","twitter_card":"summary_large_image","twitter_misc":{"Tiempo de lectura":"1 minuto"},"schema":{"@context":"https:\/\/schema.org","@graph":[{"@type":"WebPage","@id":"http:\/\/www.urrotz.eus\/es\/transparencia\/informacion-institucional-cargos-electos-y-personal-del-ayuntamiento\/normas-e-instituciones-municipales-orden-del-dia-actas-y-acuerdos\/","url":"http:\/\/www.urrotz.eus\/es\/transparencia\/informacion-institucional-cargos-electos-y-personal-del-ayuntamiento\/normas-e-instituciones-municipales-orden-del-dia-actas-y-acuerdos\/","name":"Normas e instituciones municipales, orden del d\u00eda, actas y acuerdos - Ayuntamiento de Urrotz","isPartOf":{"@id":"http:\/\/www.urrotz.eus\/es\/#website"},"datePublished":"2015-12-09T12:05:52+00:00","dateModified":"2024-03-27T10:23:45+00:00","breadcrumb":{"@id":"http:\/\/www.urrotz.eus\/es\/transparencia\/informacion-institucional-cargos-electos-y-personal-del-ayuntamiento\/normas-e-instituciones-municipales-orden-del-dia-actas-y-acuerdos\/#breadcrumb"},"inLanguage":"es","potentialAction":[{"@type":"ReadAction","target":[["http:\/\/www.urrotz.eus\/es\/transparencia\/informacion-institucional-cargos-electos-y-personal-del-ayuntamiento\/normas-e-instituciones-municipales-orden-del-dia-actas-y-acuerdos\/"]]}]},{"@type":"BreadcrumbList","@id":"http:\/\/www.urrotz.eus\/es\/transparencia\/informacion-institucional-cargos-electos-y-personal-del-ayuntamiento\/normas-e-instituciones-municipales-orden-del-dia-actas-y-acuerdos\/#breadcrumb","itemListElement":[{"@type":"ListItem","position":1,"name":"Home","item":"http:\/\/www.urrotz.eus\/es\/"},{"@type":"ListItem","position":2,"name":"Gardentasun","item":"http:\/\/www.urrotz.eus\/es\/transparencia\/"},{"@type":"ListItem","position":3,"name":"Informazio instituzionala, hautetsiak eta udal langileak","item":"http:\/\/www.urrotz.eus\/es\/transparencia\/informacion-institucional-cargos-electos-y-personal-del-ayuntamiento\/"},{"@type":"ListItem","position":4,"name":"Normas e instituciones municipales, orden del d\u00eda, actas y acuerdos"}]},{"@type":"WebSite","@id":"http:\/\/www.urrotz.eus\/es\/#website","url":"http:\/\/www.urrotz.eus\/es\/","name":"Ayuntamiento de Urrotz","description":"Sitio web del Ayuntamiento de Urrotz","potentialAction":[{"@type":"SearchAction","target":{"@type":"EntryPoint","urlTemplate":"http:\/\/www.urrotz.eus\/es\/?s={search_term_string}"},"query-input":{"@type":"PropertyValueSpecification","valueRequired":true,"valueName":"search_term_string"}}],"inLanguage":"es"}]}},"_links":{"self":[{"href":"http:\/\/www.urrotz.eus\/es\/wp-json\/wp\/v2\/pages\/7266","targetHints":{"allow":["GET"]}}],"collection":[{"href":"http:\/\/www.urrotz.eus\/es\/wp-json\/wp\/v2\/pages"}],"about":[{"href":"http:\/\/www.urrotz.eus\/es\/wp-json\/wp\/v2\/types\/page"}],"author":[{"embeddable":true,"href":"http:\/\/www.urrotz.eus\/es\/wp-json\/wp\/v2\/users\/1"}],"replies":[{"embeddable":true,"href":"http:\/\/www.urrotz.eus\/es\/wp-json\/wp\/v2\/comments?post=7266"}],"version-history":[{"count":3,"href":"http:\/\/www.urrotz.eus\/es\/wp-json\/wp\/v2\/pages\/7266\/revisions"}],"predecessor-version":[{"id":8316,"href":"http:\/\/www.urrotz.eus\/es\/wp-json\/wp\/v2\/pages\/7266\/revisions\/8316"}],"up":[{"embeddable":true,"href":"http:\/\/www.urrotz.eus\/es\/wp-json\/wp\/v2\/pages\/7250"}],"wp:attachment":[{"href":"http:\/\/www.urrotz.eus\/es\/wp-json\/wp\/v2\/media?parent=7266"}],"curies":[{"name":"wp","href":"https:\/\/api.w.org\/{rel}","templated":true}]}}