{"id":7282,"date":"2015-12-09T12:58:48","date_gmt":"2015-12-09T12:58:48","guid":{"rendered":"http:\/\/www.animsa.es\/?page_id=7282"},"modified":"2016-03-04T10:29:07","modified_gmt":"2016-03-04T09:29:07","slug":"contratos-convenios-y-subvenciones","status":"publish","type":"page","link":"http:\/\/www.urrotz.eus\/es\/transparencia\/contrataciones-convenios-subvenciones-y-costes-de-los-servicios\/contratos-convenios-y-subvenciones\/","title":{"rendered":"Contratos, convenios y subvenciones"},"content":{"rendered":"<p><\/p>\n<ul>\n<li>Convocatorias, designaci\u00f3n y composici\u00f3n de las mesas de contrataci\u00f3n.<\/li>\n<li>Actas de las mesas de contrataci\u00f3n.<\/li>\n<li>Contratos formalizados por el Ayuntamiento, incluyendo objeto, importes, procedimiento, licitadores y adjudicatarios. (Ley 19\/2013)<\/li>\n<li>Modificaciones de los contratos formalizados. (Ley 19\/2013)<\/li>\n<li>Contratos menores formalizados, incluyendo importes y adjudicatarios (Ley 19\/2013)<\/li>\n<li>Porcentaje en volumen presupuestario de contratos adjudicados a trav\u00e9s de cada uno de los procedimientos (Ley 19\/2013).<\/li>\n<li>Relaci\u00f3n de convenios suscritos, firmantes, objeto y obligaciones econ\u00f3micas convenidas (Ley 19\/2013).<\/li>\n<li>Relaci\u00f3n de subvenciones y ayudas p\u00fablicas concedidas, incluyendo importe, objetivo y beneficiarios. (Ley 9\/2013).<\/li>\n<\/ul>\n<p><\/p>","protected":false},"excerpt":{"rendered":"<p>Convocatorias, designaci\u00f3n y composici\u00f3n de las mesas de contrataci\u00f3n. Actas de las mesas de contrataci\u00f3n. Contratos formalizados por el Ayuntamiento, incluyendo objeto, importes, procedimiento, licitadores y adjudicatarios. (Ley 19\/2013) Modificaciones de los contratos formalizados. (Ley 19\/2013) Contratos menores formalizados, incluyendo&hellip; <\/p>\n","protected":false},"author":1,"featured_media":0,"parent":7256,"menu_order":0,"comment_status":"closed","ping_status":"closed","template":"","meta":{"_monsterinsights_skip_tracking":false,"_monsterinsights_sitenote_active":false,"_monsterinsights_sitenote_note":"","_monsterinsights_sitenote_category":0,"footnotes":""},"class_list":["post-7282","page","type-page","status-publish","hentry"],"yoast_head":"<!-- This site is optimized with the Yoast SEO plugin v26.8 - https:\/\/yoast.com\/product\/yoast-seo-wordpress\/ -->\r\n<title>Contratos, convenios y subvencionesKontratuak, hitzarmenak eta diru-laguntzak - Ayuntamiento de Urrotz<\/title>\r\n<meta name=\"robots\" content=\"index, follow, max-snippet:-1, max-image-preview:large, max-video-preview:-1\" \/>\r\n<link rel=\"canonical\" href=\"http:\/\/www.urrotz.eus\/es\/transparencia\/contrataciones-convenios-subvenciones-y-costes-de-los-servicios\/contratos-convenios-y-subvenciones\/\" \/>\r\n<meta property=\"og:locale\" content=\"es_ES\" \/>\r\n<meta property=\"og:type\" content=\"article\" \/>\r\n<meta property=\"og:title\" content=\"Contratos, convenios y subvencionesKontratuak, hitzarmenak eta diru-laguntzak - Ayuntamiento de Urrotz\" \/>\r\n<meta property=\"og:description\" content=\"Convocatorias, designaci\u00f3n y composici\u00f3n de las mesas de contrataci\u00f3n. Actas de las mesas de contrataci\u00f3n. Contratos formalizados por el Ayuntamiento, incluyendo objeto, importes, procedimiento, licitadores y adjudicatarios. (Ley 19\/2013) Modificaciones de los contratos formalizados. (Ley 19\/2013) Contratos menores formalizados, incluyendo&hellip;\" \/>\r\n<meta property=\"og:url\" content=\"http:\/\/www.urrotz.eus\/es\/transparencia\/contrataciones-convenios-subvenciones-y-costes-de-los-servicios\/contratos-convenios-y-subvenciones\/\" \/>\r\n<meta property=\"og:site_name\" content=\"Ayuntamiento de Urrotz\" \/>\r\n<meta property=\"article:modified_time\" content=\"2016-03-04T09:29:07+00:00\" \/>\r\n<meta name=\"twitter:card\" content=\"summary_large_image\" \/>\r\n<meta name=\"twitter:label1\" content=\"Tiempo de lectura\" \/>\n\t<meta name=\"twitter:data1\" content=\"1 minuto\" \/>\r\n<script type=\"application\/ld+json\" class=\"yoast-schema-graph\">{\"@context\":\"https:\/\/schema.org\",\"@graph\":[{\"@type\":\"WebPage\",\"@id\":\"http:\/\/www.urrotz.eus\/es\/transparencia\/contrataciones-convenios-subvenciones-y-costes-de-los-servicios\/contratos-convenios-y-subvenciones\/\",\"url\":\"http:\/\/www.urrotz.eus\/es\/transparencia\/contrataciones-convenios-subvenciones-y-costes-de-los-servicios\/contratos-convenios-y-subvenciones\/\",\"name\":\"Contratos, convenios y subvencionesKontratuak, hitzarmenak eta diru-laguntzak - Ayuntamiento de Urrotz\",\"isPartOf\":{\"@id\":\"http:\/\/www.urrotz.eus\/es\/#website\"},\"datePublished\":\"2015-12-09T12:58:48+00:00\",\"dateModified\":\"2016-03-04T09:29:07+00:00\",\"breadcrumb\":{\"@id\":\"http:\/\/www.urrotz.eus\/es\/transparencia\/contrataciones-convenios-subvenciones-y-costes-de-los-servicios\/contratos-convenios-y-subvenciones\/#breadcrumb\"},\"inLanguage\":\"es\",\"potentialAction\":[{\"@type\":\"ReadAction\",\"target\":[[\"http:\/\/www.urrotz.eus\/es\/transparencia\/contrataciones-convenios-subvenciones-y-costes-de-los-servicios\/contratos-convenios-y-subvenciones\/\"]]}]},{\"@type\":\"BreadcrumbList\",\"@id\":\"http:\/\/www.urrotz.eus\/es\/transparencia\/contrataciones-convenios-subvenciones-y-costes-de-los-servicios\/contratos-convenios-y-subvenciones\/#breadcrumb\",\"itemListElement\":[{\"@type\":\"ListItem\",\"position\":1,\"name\":\"Home\",\"item\":\"http:\/\/www.urrotz.eus\/es\/\"},{\"@type\":\"ListItem\",\"position\":2,\"name\":\"Gardentasun\",\"item\":\"http:\/\/www.urrotz.eus\/es\/transparencia\/\"},{\"@type\":\"ListItem\",\"position\":3,\"name\":\"Kontratazioak, hitzarmenak, diru-laguntzak eta zerbitzuen kostuak\",\"item\":\"http:\/\/www.urrotz.eus\/es\/transparencia\/contrataciones-convenios-subvenciones-y-costes-de-los-servicios\/\"},{\"@type\":\"ListItem\",\"position\":4,\"name\":\"Kontratuak, hitzarmenak eta diru-laguntzak\"}]},{\"@type\":\"WebSite\",\"@id\":\"http:\/\/www.urrotz.eus\/es\/#website\",\"url\":\"http:\/\/www.urrotz.eus\/es\/\",\"name\":\"Ayuntamiento de Urrotz\",\"description\":\"Sitio web del Ayuntamiento de Urrotz\",\"potentialAction\":[{\"@type\":\"SearchAction\",\"target\":{\"@type\":\"EntryPoint\",\"urlTemplate\":\"http:\/\/www.urrotz.eus\/es\/?s={search_term_string}\"},\"query-input\":{\"@type\":\"PropertyValueSpecification\",\"valueRequired\":true,\"valueName\":\"search_term_string\"}}],\"inLanguage\":\"es\"}]}<\/script>\r\n<!-- \/ Yoast SEO plugin. -->","yoast_head_json":{"title":"Contratos, convenios y subvencionesKontratuak, hitzarmenak eta diru-laguntzak - Ayuntamiento de Urrotz","robots":{"index":"index","follow":"follow","max-snippet":"max-snippet:-1","max-image-preview":"max-image-preview:large","max-video-preview":"max-video-preview:-1"},"canonical":"http:\/\/www.urrotz.eus\/es\/transparencia\/contrataciones-convenios-subvenciones-y-costes-de-los-servicios\/contratos-convenios-y-subvenciones\/","og_locale":"es_ES","og_type":"article","og_title":"Contratos, convenios y subvencionesKontratuak, hitzarmenak eta diru-laguntzak - Ayuntamiento de Urrotz","og_description":"Convocatorias, designaci\u00f3n y composici\u00f3n de las mesas de contrataci\u00f3n. Actas de las mesas de contrataci\u00f3n. Contratos formalizados por el Ayuntamiento, incluyendo objeto, importes, procedimiento, licitadores y adjudicatarios. (Ley 19\/2013) Modificaciones de los contratos formalizados. (Ley 19\/2013) Contratos menores formalizados, incluyendo&hellip;","og_url":"http:\/\/www.urrotz.eus\/es\/transparencia\/contrataciones-convenios-subvenciones-y-costes-de-los-servicios\/contratos-convenios-y-subvenciones\/","og_site_name":"Ayuntamiento de Urrotz","article_modified_time":"2016-03-04T09:29:07+00:00","twitter_card":"summary_large_image","twitter_misc":{"Tiempo de lectura":"1 minuto"},"schema":{"@context":"https:\/\/schema.org","@graph":[{"@type":"WebPage","@id":"http:\/\/www.urrotz.eus\/es\/transparencia\/contrataciones-convenios-subvenciones-y-costes-de-los-servicios\/contratos-convenios-y-subvenciones\/","url":"http:\/\/www.urrotz.eus\/es\/transparencia\/contrataciones-convenios-subvenciones-y-costes-de-los-servicios\/contratos-convenios-y-subvenciones\/","name":"Contratos, convenios y subvencionesKontratuak, hitzarmenak eta diru-laguntzak - Ayuntamiento de Urrotz","isPartOf":{"@id":"http:\/\/www.urrotz.eus\/es\/#website"},"datePublished":"2015-12-09T12:58:48+00:00","dateModified":"2016-03-04T09:29:07+00:00","breadcrumb":{"@id":"http:\/\/www.urrotz.eus\/es\/transparencia\/contrataciones-convenios-subvenciones-y-costes-de-los-servicios\/contratos-convenios-y-subvenciones\/#breadcrumb"},"inLanguage":"es","potentialAction":[{"@type":"ReadAction","target":[["http:\/\/www.urrotz.eus\/es\/transparencia\/contrataciones-convenios-subvenciones-y-costes-de-los-servicios\/contratos-convenios-y-subvenciones\/"]]}]},{"@type":"BreadcrumbList","@id":"http:\/\/www.urrotz.eus\/es\/transparencia\/contrataciones-convenios-subvenciones-y-costes-de-los-servicios\/contratos-convenios-y-subvenciones\/#breadcrumb","itemListElement":[{"@type":"ListItem","position":1,"name":"Home","item":"http:\/\/www.urrotz.eus\/es\/"},{"@type":"ListItem","position":2,"name":"Gardentasun","item":"http:\/\/www.urrotz.eus\/es\/transparencia\/"},{"@type":"ListItem","position":3,"name":"Kontratazioak, hitzarmenak, diru-laguntzak eta zerbitzuen kostuak","item":"http:\/\/www.urrotz.eus\/es\/transparencia\/contrataciones-convenios-subvenciones-y-costes-de-los-servicios\/"},{"@type":"ListItem","position":4,"name":"Kontratuak, hitzarmenak eta diru-laguntzak"}]},{"@type":"WebSite","@id":"http:\/\/www.urrotz.eus\/es\/#website","url":"http:\/\/www.urrotz.eus\/es\/","name":"Ayuntamiento de Urrotz","description":"Sitio web del Ayuntamiento de Urrotz","potentialAction":[{"@type":"SearchAction","target":{"@type":"EntryPoint","urlTemplate":"http:\/\/www.urrotz.eus\/es\/?s={search_term_string}"},"query-input":{"@type":"PropertyValueSpecification","valueRequired":true,"valueName":"search_term_string"}}],"inLanguage":"es"}]}},"_links":{"self":[{"href":"http:\/\/www.urrotz.eus\/es\/wp-json\/wp\/v2\/pages\/7282","targetHints":{"allow":["GET"]}}],"collection":[{"href":"http:\/\/www.urrotz.eus\/es\/wp-json\/wp\/v2\/pages"}],"about":[{"href":"http:\/\/www.urrotz.eus\/es\/wp-json\/wp\/v2\/types\/page"}],"author":[{"embeddable":true,"href":"http:\/\/www.urrotz.eus\/es\/wp-json\/wp\/v2\/users\/1"}],"replies":[{"embeddable":true,"href":"http:\/\/www.urrotz.eus\/es\/wp-json\/wp\/v2\/comments?post=7282"}],"version-history":[{"count":0,"href":"http:\/\/www.urrotz.eus\/es\/wp-json\/wp\/v2\/pages\/7282\/revisions"}],"up":[{"embeddable":true,"href":"http:\/\/www.urrotz.eus\/es\/wp-json\/wp\/v2\/pages\/7256"}],"wp:attachment":[{"href":"http:\/\/www.urrotz.eus\/es\/wp-json\/wp\/v2\/media?parent=7282"}],"curies":[{"name":"wp","href":"https:\/\/api.w.org\/{rel}","templated":true}]}}