{"id":7289,"date":"2015-12-09T13:13:10","date_gmt":"2015-12-09T13:13:10","guid":{"rendered":"http:\/\/www.animsa.es\/?page_id=7289"},"modified":"2016-03-04T10:24:14","modified_gmt":"2016-03-04T09:24:14","slug":"planes-de-ordenacion-urbana-y-convenios-urbanisticos","status":"publish","type":"page","link":"http:\/\/www.urrotz.eus\/es\/transparencia\/urbanismo-obras-publicas-y-medioambiente\/planes-de-ordenacion-urbana-y-convenios-urbanisticos\/","title":{"rendered":"Planes de ordenaci\u00f3n urbana y convenios urban\u00edsticos"},"content":{"rendered":"<p><\/p>\n<ul>\n<li>Plan General de Ordenaci\u00f3n Urbana (PGOU), mapas y planos en detalle.<\/li>\n<li>Pol\u00edtica y programa municipales relativos al medioambiente, informes y seguimiento de los mismos.<\/li>\n<li>Estudios de impacto ambiental, paisaj\u00edstico y evaluaciones del riesgo relativo a elementos medioambientales.<\/li>\n<li>Modificaciones al Plan General de Ordenaci\u00f3n Urbana y planes parciales aprobados.<\/li>\n<li>Convenios urban\u00edsticos municipales. Actuaciones urban\u00edsticas en ejecuci\u00f3n.<\/li>\n<li>Usos y destinos del suelo.<\/li>\n<\/ul>\n<p><\/p>","protected":false},"excerpt":{"rendered":"<p>Plan General de Ordenaci\u00f3n Urbana (PGOU), mapas y planos en detalle. Pol\u00edtica y programa municipales relativos al medioambiente, informes y seguimiento de los mismos. Estudios de impacto ambiental, paisaj\u00edstico y evaluaciones del riesgo relativo a elementos medioambientales. Modificaciones al Plan&hellip; <\/p>\n","protected":false},"author":1,"featured_media":0,"parent":7258,"menu_order":0,"comment_status":"closed","ping_status":"closed","template":"","meta":{"_monsterinsights_skip_tracking":false,"_monsterinsights_sitenote_active":false,"_monsterinsights_sitenote_note":"","_monsterinsights_sitenote_category":0,"footnotes":""},"class_list":["post-7289","page","type-page","status-publish","hentry"],"yoast_head":"<!-- This site is optimized with the Yoast SEO plugin v26.8 - https:\/\/yoast.com\/product\/yoast-seo-wordpress\/ -->\r\n<title>Planes de ordenaci\u00f3n urbana y convenios urban\u00edsticosHiri antolamendurako planak eta hirigintza-hitzarmenak - Ayuntamiento de Urrotz<\/title>\r\n<meta name=\"robots\" content=\"index, follow, max-snippet:-1, max-image-preview:large, max-video-preview:-1\" \/>\r\n<link rel=\"canonical\" href=\"http:\/\/www.urrotz.eus\/es\/transparencia\/urbanismo-obras-publicas-y-medioambiente\/planes-de-ordenacion-urbana-y-convenios-urbanisticos\/\" \/>\r\n<meta property=\"og:locale\" content=\"es_ES\" \/>\r\n<meta property=\"og:type\" content=\"article\" \/>\r\n<meta property=\"og:title\" content=\"Planes de ordenaci\u00f3n urbana y convenios urban\u00edsticosHiri antolamendurako planak eta hirigintza-hitzarmenak - Ayuntamiento de Urrotz\" \/>\r\n<meta property=\"og:description\" content=\"Plan General de Ordenaci\u00f3n Urbana (PGOU), mapas y planos en detalle. Pol\u00edtica y programa municipales relativos al medioambiente, informes y seguimiento de los mismos. Estudios de impacto ambiental, paisaj\u00edstico y evaluaciones del riesgo relativo a elementos medioambientales. Modificaciones al Plan&hellip;\" \/>\r\n<meta property=\"og:url\" content=\"http:\/\/www.urrotz.eus\/es\/transparencia\/urbanismo-obras-publicas-y-medioambiente\/planes-de-ordenacion-urbana-y-convenios-urbanisticos\/\" \/>\r\n<meta property=\"og:site_name\" content=\"Ayuntamiento de Urrotz\" \/>\r\n<meta property=\"article:modified_time\" content=\"2016-03-04T09:24:14+00:00\" \/>\r\n<meta name=\"twitter:card\" content=\"summary_large_image\" \/>\r\n<meta name=\"twitter:label1\" content=\"Tiempo de lectura\" \/>\n\t<meta name=\"twitter:data1\" content=\"1 minuto\" \/>\r\n<script type=\"application\/ld+json\" class=\"yoast-schema-graph\">{\"@context\":\"https:\/\/schema.org\",\"@graph\":[{\"@type\":\"WebPage\",\"@id\":\"http:\/\/www.urrotz.eus\/es\/transparencia\/urbanismo-obras-publicas-y-medioambiente\/planes-de-ordenacion-urbana-y-convenios-urbanisticos\/\",\"url\":\"http:\/\/www.urrotz.eus\/es\/transparencia\/urbanismo-obras-publicas-y-medioambiente\/planes-de-ordenacion-urbana-y-convenios-urbanisticos\/\",\"name\":\"Planes de ordenaci\u00f3n urbana y convenios urban\u00edsticosHiri antolamendurako planak eta hirigintza-hitzarmenak - Ayuntamiento de Urrotz\",\"isPartOf\":{\"@id\":\"http:\/\/www.urrotz.eus\/es\/#website\"},\"datePublished\":\"2015-12-09T13:13:10+00:00\",\"dateModified\":\"2016-03-04T09:24:14+00:00\",\"breadcrumb\":{\"@id\":\"http:\/\/www.urrotz.eus\/es\/transparencia\/urbanismo-obras-publicas-y-medioambiente\/planes-de-ordenacion-urbana-y-convenios-urbanisticos\/#breadcrumb\"},\"inLanguage\":\"es\",\"potentialAction\":[{\"@type\":\"ReadAction\",\"target\":[[\"http:\/\/www.urrotz.eus\/es\/transparencia\/urbanismo-obras-publicas-y-medioambiente\/planes-de-ordenacion-urbana-y-convenios-urbanisticos\/\"]]}]},{\"@type\":\"BreadcrumbList\",\"@id\":\"http:\/\/www.urrotz.eus\/es\/transparencia\/urbanismo-obras-publicas-y-medioambiente\/planes-de-ordenacion-urbana-y-convenios-urbanisticos\/#breadcrumb\",\"itemListElement\":[{\"@type\":\"ListItem\",\"position\":1,\"name\":\"Home\",\"item\":\"http:\/\/www.urrotz.eus\/es\/\"},{\"@type\":\"ListItem\",\"position\":2,\"name\":\"Gardentasun\",\"item\":\"http:\/\/www.urrotz.eus\/es\/transparencia\/\"},{\"@type\":\"ListItem\",\"position\":3,\"name\":\"Urbanismo, obras p\u00fablicas y medioambiente\",\"item\":\"http:\/\/www.urrotz.eus\/es\/transparencia\/urbanismo-obras-publicas-y-medioambiente\/\"},{\"@type\":\"ListItem\",\"position\":4,\"name\":\"Hiri antolamendurako planak eta hirigintza-hitzarmenak\"}]},{\"@type\":\"WebSite\",\"@id\":\"http:\/\/www.urrotz.eus\/es\/#website\",\"url\":\"http:\/\/www.urrotz.eus\/es\/\",\"name\":\"Ayuntamiento de Urrotz\",\"description\":\"Sitio web del Ayuntamiento de Urrotz\",\"potentialAction\":[{\"@type\":\"SearchAction\",\"target\":{\"@type\":\"EntryPoint\",\"urlTemplate\":\"http:\/\/www.urrotz.eus\/es\/?s={search_term_string}\"},\"query-input\":{\"@type\":\"PropertyValueSpecification\",\"valueRequired\":true,\"valueName\":\"search_term_string\"}}],\"inLanguage\":\"es\"}]}<\/script>\r\n<!-- \/ Yoast SEO plugin. -->","yoast_head_json":{"title":"Planes de ordenaci\u00f3n urbana y convenios urban\u00edsticosHiri antolamendurako planak eta hirigintza-hitzarmenak - Ayuntamiento de Urrotz","robots":{"index":"index","follow":"follow","max-snippet":"max-snippet:-1","max-image-preview":"max-image-preview:large","max-video-preview":"max-video-preview:-1"},"canonical":"http:\/\/www.urrotz.eus\/es\/transparencia\/urbanismo-obras-publicas-y-medioambiente\/planes-de-ordenacion-urbana-y-convenios-urbanisticos\/","og_locale":"es_ES","og_type":"article","og_title":"Planes de ordenaci\u00f3n urbana y convenios urban\u00edsticosHiri antolamendurako planak eta hirigintza-hitzarmenak - Ayuntamiento de Urrotz","og_description":"Plan General de Ordenaci\u00f3n Urbana (PGOU), mapas y planos en detalle. Pol\u00edtica y programa municipales relativos al medioambiente, informes y seguimiento de los mismos. Estudios de impacto ambiental, paisaj\u00edstico y evaluaciones del riesgo relativo a elementos medioambientales. Modificaciones al Plan&hellip;","og_url":"http:\/\/www.urrotz.eus\/es\/transparencia\/urbanismo-obras-publicas-y-medioambiente\/planes-de-ordenacion-urbana-y-convenios-urbanisticos\/","og_site_name":"Ayuntamiento de Urrotz","article_modified_time":"2016-03-04T09:24:14+00:00","twitter_card":"summary_large_image","twitter_misc":{"Tiempo de lectura":"1 minuto"},"schema":{"@context":"https:\/\/schema.org","@graph":[{"@type":"WebPage","@id":"http:\/\/www.urrotz.eus\/es\/transparencia\/urbanismo-obras-publicas-y-medioambiente\/planes-de-ordenacion-urbana-y-convenios-urbanisticos\/","url":"http:\/\/www.urrotz.eus\/es\/transparencia\/urbanismo-obras-publicas-y-medioambiente\/planes-de-ordenacion-urbana-y-convenios-urbanisticos\/","name":"Planes de ordenaci\u00f3n urbana y convenios urban\u00edsticosHiri antolamendurako planak eta hirigintza-hitzarmenak - Ayuntamiento de Urrotz","isPartOf":{"@id":"http:\/\/www.urrotz.eus\/es\/#website"},"datePublished":"2015-12-09T13:13:10+00:00","dateModified":"2016-03-04T09:24:14+00:00","breadcrumb":{"@id":"http:\/\/www.urrotz.eus\/es\/transparencia\/urbanismo-obras-publicas-y-medioambiente\/planes-de-ordenacion-urbana-y-convenios-urbanisticos\/#breadcrumb"},"inLanguage":"es","potentialAction":[{"@type":"ReadAction","target":[["http:\/\/www.urrotz.eus\/es\/transparencia\/urbanismo-obras-publicas-y-medioambiente\/planes-de-ordenacion-urbana-y-convenios-urbanisticos\/"]]}]},{"@type":"BreadcrumbList","@id":"http:\/\/www.urrotz.eus\/es\/transparencia\/urbanismo-obras-publicas-y-medioambiente\/planes-de-ordenacion-urbana-y-convenios-urbanisticos\/#breadcrumb","itemListElement":[{"@type":"ListItem","position":1,"name":"Home","item":"http:\/\/www.urrotz.eus\/es\/"},{"@type":"ListItem","position":2,"name":"Gardentasun","item":"http:\/\/www.urrotz.eus\/es\/transparencia\/"},{"@type":"ListItem","position":3,"name":"Urbanismo, obras p\u00fablicas y medioambiente","item":"http:\/\/www.urrotz.eus\/es\/transparencia\/urbanismo-obras-publicas-y-medioambiente\/"},{"@type":"ListItem","position":4,"name":"Hiri antolamendurako planak eta hirigintza-hitzarmenak"}]},{"@type":"WebSite","@id":"http:\/\/www.urrotz.eus\/es\/#website","url":"http:\/\/www.urrotz.eus\/es\/","name":"Ayuntamiento de Urrotz","description":"Sitio web del Ayuntamiento de Urrotz","potentialAction":[{"@type":"SearchAction","target":{"@type":"EntryPoint","urlTemplate":"http:\/\/www.urrotz.eus\/es\/?s={search_term_string}"},"query-input":{"@type":"PropertyValueSpecification","valueRequired":true,"valueName":"search_term_string"}}],"inLanguage":"es"}]}},"_links":{"self":[{"href":"http:\/\/www.urrotz.eus\/es\/wp-json\/wp\/v2\/pages\/7289","targetHints":{"allow":["GET"]}}],"collection":[{"href":"http:\/\/www.urrotz.eus\/es\/wp-json\/wp\/v2\/pages"}],"about":[{"href":"http:\/\/www.urrotz.eus\/es\/wp-json\/wp\/v2\/types\/page"}],"author":[{"embeddable":true,"href":"http:\/\/www.urrotz.eus\/es\/wp-json\/wp\/v2\/users\/1"}],"replies":[{"embeddable":true,"href":"http:\/\/www.urrotz.eus\/es\/wp-json\/wp\/v2\/comments?post=7289"}],"version-history":[{"count":0,"href":"http:\/\/www.urrotz.eus\/es\/wp-json\/wp\/v2\/pages\/7289\/revisions"}],"up":[{"embeddable":true,"href":"http:\/\/www.urrotz.eus\/es\/wp-json\/wp\/v2\/pages\/7258"}],"wp:attachment":[{"href":"http:\/\/www.urrotz.eus\/es\/wp-json\/wp\/v2\/media?parent=7289"}],"curies":[{"name":"wp","href":"https:\/\/api.w.org\/{rel}","templated":true}]}}