{"id":7310,"date":"2018-04-05T07:09:52","date_gmt":"2018-04-05T07:09:52","guid":{"rendered":"http:\/\/www.urrotz.org\/?page_id=7310"},"modified":"2024-11-07T09:44:54","modified_gmt":"2024-11-07T09:44:54","slug":"accesibilidad","status":"publish","type":"page","link":"http:\/\/www.urrotz.eus\/es\/accesibilidad\/","title":{"rendered":"Accesibilidad"},"content":{"rendered":"<p><\/p>\n<p style=\"text-align: justify\"><strong>Ayuntamiento de Urrotz. \u00daltima actualizaci\u00f3n: Junio de 2015.<\/strong><\/p>\n<p style=\"text-align: justify\">En nuestra entidad trabajamos para estar cada d\u00eda m\u00e1s cerca de nuestros usuarios.<\/p>\n<p style=\"text-align: justify\">Cada usuario navega de manera diferente. Algunos nos encontramos con barreras tecnol\u00f3gicas, como una conexi\u00f3n a Internet lenta, o un ordenador antiguo. Otros podemos tener problemas para comprender el lenguaje empleado, o las herramientas de navegaci\u00f3n del sitio. Tambi\u00e9n podemos tener limitaciones f\u00edsicas, ya sean visuales, auditivas o de movilidad, que nos dificulten, o incluso impidan acceder al contenido del web.<\/p>\n<p style=\"text-align: justify\">Una web de dise\u00f1o tradicional no tiene en cuenta estas diferencias, por lo que\u00a0<strong>no<\/strong>\u00a0permitir\u00e1 navegar correctamente a quien por ejemplo, no pueda usar el rat\u00f3n, ver la informaci\u00f3n que aparece por pantalla, o escuchar la que se emite a trav\u00e9s de los altavoces.<\/p>\n<ol style=\"text-align: justify\">\n<li><strong>\u00bfQU\u00c9 ES UNA WEB ACCESIBLE?<\/strong><\/li>\n<\/ol>\n<p style=\"text-align: justify\"><em>Es una web cuyos contenidos y servicios puede disfrutar cualquier persona, independientemente de barreras f\u00edsicas, de conocimiento, o derivadas del entorno.<\/em><\/p>\n<p style=\"text-align: justify\"><strong>\u00bfC\u00f3mo es una web accesible?<\/strong><\/p>\n<p style=\"text-align: justify\">Su dise\u00f1o es sencillo y est\u00e1ndar. Esto permite que funcionen herramientas muy distintas, como los sintetizadores de voz, que \u201cleen en voz alta\u201d el contenido de una web.<\/p>\n<p style=\"text-align: justify\">Sus textos son llanos y directos. De este modo se eliminan las barreras de comprensi\u00f3n.<\/p>\n<p style=\"text-align: justify\">Sus contenidos audiovisuales est\u00e1n descritos textualmente. Lo que hace -por ejemplo- que un invidente pueda escuchar una descripci\u00f3n de la imagen que no puede ver.<\/p>\n<p style=\"text-align: justify\">Su estructura es clara, sencilla e intuitiva y proporciona ayudas para la navegaci\u00f3n. As\u00ed, ayuda a quienes por desconocimiento del medio, barreras culturales, educativas, o de comprensi\u00f3n, tienen dificultades para desplazarse dentro de la informaci\u00f3n del web.<\/p>\n<ol style=\"text-align: justify\" start=\"2\">\n<li><strong>COMPATIBILIDAD CON EST\u00c1NDARES<\/strong><\/li>\n<\/ol>\n<p style=\"text-align: justify\">Este sitio web ha sido redise\u00f1ado y programado siguiendo las directrices de la \u201ciniciativa de accesibilidad web\u201d (WAI:Web Accessibility Initiative \u2013\u00a0<a style=\"color: #83a7c5\" title=\"http:\/\/www.w3.org\/wai\" href=\"http:\/\/www.w3.org\/wai\" target=\"_blank\" rel=\"noopener\">http:\/\/www.w3.org\/wai<\/a>\u00a0), del consorcio W3C, encargado de regularizar y mejorar el uso de internet. Estas normas definen unos est\u00e1ndares internacionales en la creaci\u00f3n de contenidos webs accesibles para todos.<\/p>\n<p style=\"text-align: justify\">En nuestra web seguimos los siguientes est\u00e1ndares del W3C.<\/p>\n<ol style=\"text-align: justify\">\n<li>XHTML<\/li>\n<li>CSS<\/li>\n<li>WAI-AA<\/li>\n<\/ol>\n<p style=\"text-align: justify\">&lt;olstart=\u00bb3&#8243;&gt;<\/p>\n<ul style=\"text-align: justify\">\n<li><strong>DISE\u00d1O ACCESIBLE<\/strong><\/li>\n<\/ul>\n<p style=\"text-align: justify\">Hemos seguido varias pautas de dise\u00f1o accesible:<\/p>\n<ul style=\"text-align: justify\">\n<li>La maquetaci\u00f3n est\u00e1 basada en hojas de estilo en vez de en tablas. Esto permite que el usuario pueda ajustar la apariencia, contraste y tama\u00f1o de la web a sus necesidades, si dispone de hojas de estilo personales.<\/li>\n<li>Se ha buscado proporcionar un contraste suficiente entre elementos, para lo que se han variado algunas combinaciones de colores del web.<\/li>\n<li>Se ha empleado un dise\u00f1o sem\u00e1ntico. Es decir, se ha definido mediante c\u00f3digo HTML la estructura l\u00f3gica de todas las p\u00e1ginas, empleando encabezados, listas, enlaces, im\u00e1genes\u2026 De esta manera las p\u00e1ginas son comprensibles tanto visualmente como al ser le\u00eddas por un sintetizador de voz y tanto con hojas de estilo CSS como sin ellas. Este tipo de dise\u00f1o tambi\u00e9n ayuda a que la p\u00e1gina se presente adecuadamente sobre distintos navegadores y sistemas operativos.<\/li>\n<li>Los elementos no textuales incluyen una descripci\u00f3n textual, que puede ser \u201cle\u00edda\u201d por un sintetizador de voz.<\/li>\n<li>Existen ayudas a la navegaci\u00f3n como las migas de pan.<\/li>\n<li>Cuando se realizan funciones mediante programaci\u00f3n SCRIPT, se proporciona una alternativa no basada en SCRIPT, para los navegadores que no soportan o tienen deshabilitada esta funci\u00f3n<\/li>\n<\/ul>\n<ol style=\"text-align: justify\" start=\"4\">\n<li><strong>AUMENTAR EL TAMA\u00d1O DE VISUALIZACI\u00d3N DE LA WEB<\/strong><\/li>\n<\/ol>\n<p style=\"text-align: justify\">Como explicamos anteriormente, se ha modificado la maquetaci\u00f3n del web para que el usuario pueda adaptar al tama\u00f1o deseado no s\u00f3lo el texto, sino el web completo de manera proporcional. Si desea aumentar o disminuir el tama\u00f1o de la presentaci\u00f3n, puede hacerlo:<\/p>\n<p style=\"text-align: justify\">Internet Explorer:<\/p>\n<ul style=\"text-align: justify\">\n<li>Para aumentar: pulse ctrl y mueva hacia adelante la rueda central del rat\u00f3n.<\/li>\n<li>Para disminuir: pulse ctrl y mueva hacia atr\u00e1s la rueda central del rat\u00f3n.<\/li>\n<\/ul>\n<p style=\"text-align: justify\">Netscape \u2013 Mozilla:<\/p>\n<ul style=\"text-align: justify\">\n<li>Pulse ctrl y a la vez tecla \u2018+\u2019 para aumentar<\/li>\n<li>Pulse ctrl y a la vez tecla \u2018-\u2019 para disminuir<\/li>\n<\/ul>\n<p style=\"text-align: justify\">Tambi\u00e9n, a trav\u00e9s del men\u00fa de su navegador: \u2018ver\u2019 &gt; \u2018tama\u00f1o del texto\u2019.<\/p>\n<p><\/p>","protected":false},"excerpt":{"rendered":"<p>Ayuntamiento de Urrotz. \u00daltima actualizaci\u00f3n: Junio de 2015. En nuestra entidad trabajamos para estar cada d\u00eda m\u00e1s cerca de nuestros usuarios. Cada usuario navega de manera diferente. Algunos nos encontramos con barreras tecnol\u00f3gicas, como una conexi\u00f3n a Internet lenta, o&hellip; <\/p>\n","protected":false},"author":19005,"featured_media":0,"parent":0,"menu_order":3,"comment_status":"closed","ping_status":"closed","template":"templates\/ACCESIBILIDAD.php","meta":{"_monsterinsights_skip_tracking":false,"_monsterinsights_sitenote_active":false,"_monsterinsights_sitenote_note":"","_monsterinsights_sitenote_category":0,"footnotes":""},"class_list":["post-7310","page","type-page","status-publish","hentry"],"yoast_head":"<!-- This site is optimized with the Yoast SEO plugin v26.8 - https:\/\/yoast.com\/product\/yoast-seo-wordpress\/ -->\r\n<title>Accesibilidad - Ayuntamiento de Urrotz<\/title>\r\n<meta name=\"robots\" content=\"index, follow, max-snippet:-1, max-image-preview:large, max-video-preview:-1\" \/>\r\n<link rel=\"canonical\" href=\"http:\/\/www.urrotz.eus\/es\/accesibilidad\/\" \/>\r\n<meta property=\"og:locale\" content=\"es_ES\" \/>\r\n<meta property=\"og:type\" content=\"article\" \/>\r\n<meta property=\"og:title\" content=\"Accesibilidad - Ayuntamiento de Urrotz\" \/>\r\n<meta property=\"og:description\" content=\"Ayuntamiento de Urrotz. \u00daltima actualizaci\u00f3n: Junio de 2015. En nuestra entidad trabajamos para estar cada d\u00eda m\u00e1s cerca de nuestros usuarios. Cada usuario navega de manera diferente. Algunos nos encontramos con barreras tecnol\u00f3gicas, como una conexi\u00f3n a Internet lenta, o&hellip;\" \/>\r\n<meta property=\"og:url\" content=\"http:\/\/www.urrotz.eus\/es\/accesibilidad\/\" \/>\r\n<meta property=\"og:site_name\" content=\"Ayuntamiento de Urrotz\" \/>\r\n<meta property=\"article:modified_time\" content=\"2024-11-07T09:44:54+00:00\" \/>\r\n<meta name=\"twitter:card\" content=\"summary_large_image\" \/>\r\n<meta name=\"twitter:label1\" content=\"Tiempo de lectura\" \/>\n\t<meta name=\"twitter:data1\" content=\"3 minutos\" \/>\r\n<script type=\"application\/ld+json\" class=\"yoast-schema-graph\">{\"@context\":\"https:\/\/schema.org\",\"@graph\":[{\"@type\":\"WebPage\",\"@id\":\"http:\/\/www.urrotz.eus\/es\/accesibilidad\/\",\"url\":\"http:\/\/www.urrotz.eus\/es\/accesibilidad\/\",\"name\":\"Accesibilidad - Ayuntamiento de Urrotz\",\"isPartOf\":{\"@id\":\"http:\/\/www.urrotz.eus\/es\/#website\"},\"datePublished\":\"2018-04-05T07:09:52+00:00\",\"dateModified\":\"2024-11-07T09:44:54+00:00\",\"breadcrumb\":{\"@id\":\"http:\/\/www.urrotz.eus\/es\/accesibilidad\/#breadcrumb\"},\"inLanguage\":\"es\",\"potentialAction\":[{\"@type\":\"ReadAction\",\"target\":[[\"http:\/\/www.urrotz.eus\/es\/accesibilidad\/\"]]}]},{\"@type\":\"BreadcrumbList\",\"@id\":\"http:\/\/www.urrotz.eus\/es\/accesibilidad\/#breadcrumb\",\"itemListElement\":[{\"@type\":\"ListItem\",\"position\":1,\"name\":\"Home\",\"item\":\"http:\/\/www.urrotz.eus\/es\/\"},{\"@type\":\"ListItem\",\"position\":2,\"name\":\"Accesibilidad\"}]},{\"@type\":\"WebSite\",\"@id\":\"http:\/\/www.urrotz.eus\/es\/#website\",\"url\":\"http:\/\/www.urrotz.eus\/es\/\",\"name\":\"Ayuntamiento de Urrotz\",\"description\":\"Sitio web del Ayuntamiento de Urrotz\",\"potentialAction\":[{\"@type\":\"SearchAction\",\"target\":{\"@type\":\"EntryPoint\",\"urlTemplate\":\"http:\/\/www.urrotz.eus\/es\/?s={search_term_string}\"},\"query-input\":{\"@type\":\"PropertyValueSpecification\",\"valueRequired\":true,\"valueName\":\"search_term_string\"}}],\"inLanguage\":\"es\"}]}<\/script>\r\n<!-- \/ Yoast SEO plugin. -->","yoast_head_json":{"title":"Accesibilidad - Ayuntamiento de Urrotz","robots":{"index":"index","follow":"follow","max-snippet":"max-snippet:-1","max-image-preview":"max-image-preview:large","max-video-preview":"max-video-preview:-1"},"canonical":"http:\/\/www.urrotz.eus\/es\/accesibilidad\/","og_locale":"es_ES","og_type":"article","og_title":"Accesibilidad - Ayuntamiento de Urrotz","og_description":"Ayuntamiento de Urrotz. \u00daltima actualizaci\u00f3n: Junio de 2015. En nuestra entidad trabajamos para estar cada d\u00eda m\u00e1s cerca de nuestros usuarios. Cada usuario navega de manera diferente. Algunos nos encontramos con barreras tecnol\u00f3gicas, como una conexi\u00f3n a Internet lenta, o&hellip;","og_url":"http:\/\/www.urrotz.eus\/es\/accesibilidad\/","og_site_name":"Ayuntamiento de Urrotz","article_modified_time":"2024-11-07T09:44:54+00:00","twitter_card":"summary_large_image","twitter_misc":{"Tiempo de lectura":"3 minutos"},"schema":{"@context":"https:\/\/schema.org","@graph":[{"@type":"WebPage","@id":"http:\/\/www.urrotz.eus\/es\/accesibilidad\/","url":"http:\/\/www.urrotz.eus\/es\/accesibilidad\/","name":"Accesibilidad - Ayuntamiento de Urrotz","isPartOf":{"@id":"http:\/\/www.urrotz.eus\/es\/#website"},"datePublished":"2018-04-05T07:09:52+00:00","dateModified":"2024-11-07T09:44:54+00:00","breadcrumb":{"@id":"http:\/\/www.urrotz.eus\/es\/accesibilidad\/#breadcrumb"},"inLanguage":"es","potentialAction":[{"@type":"ReadAction","target":[["http:\/\/www.urrotz.eus\/es\/accesibilidad\/"]]}]},{"@type":"BreadcrumbList","@id":"http:\/\/www.urrotz.eus\/es\/accesibilidad\/#breadcrumb","itemListElement":[{"@type":"ListItem","position":1,"name":"Home","item":"http:\/\/www.urrotz.eus\/es\/"},{"@type":"ListItem","position":2,"name":"Accesibilidad"}]},{"@type":"WebSite","@id":"http:\/\/www.urrotz.eus\/es\/#website","url":"http:\/\/www.urrotz.eus\/es\/","name":"Ayuntamiento de Urrotz","description":"Sitio web del Ayuntamiento de Urrotz","potentialAction":[{"@type":"SearchAction","target":{"@type":"EntryPoint","urlTemplate":"http:\/\/www.urrotz.eus\/es\/?s={search_term_string}"},"query-input":{"@type":"PropertyValueSpecification","valueRequired":true,"valueName":"search_term_string"}}],"inLanguage":"es"}]}},"_links":{"self":[{"href":"http:\/\/www.urrotz.eus\/es\/wp-json\/wp\/v2\/pages\/7310","targetHints":{"allow":["GET"]}}],"collection":[{"href":"http:\/\/www.urrotz.eus\/es\/wp-json\/wp\/v2\/pages"}],"about":[{"href":"http:\/\/www.urrotz.eus\/es\/wp-json\/wp\/v2\/types\/page"}],"author":[{"embeddable":true,"href":"http:\/\/www.urrotz.eus\/es\/wp-json\/wp\/v2\/users\/19005"}],"replies":[{"embeddable":true,"href":"http:\/\/www.urrotz.eus\/es\/wp-json\/wp\/v2\/comments?post=7310"}],"version-history":[{"count":3,"href":"http:\/\/www.urrotz.eus\/es\/wp-json\/wp\/v2\/pages\/7310\/revisions"}],"predecessor-version":[{"id":8335,"href":"http:\/\/www.urrotz.eus\/es\/wp-json\/wp\/v2\/pages\/7310\/revisions\/8335"}],"wp:attachment":[{"href":"http:\/\/www.urrotz.eus\/es\/wp-json\/wp\/v2\/media?parent=7310"}],"curies":[{"name":"wp","href":"https:\/\/api.w.org\/{rel}","templated":true}]}}