{"id":7488,"date":"2019-01-02T17:04:26","date_gmt":"2019-01-02T17:04:26","guid":{"rendered":"http:\/\/www.urrotz.org\/?page_id=7488"},"modified":"2024-11-07T10:09:18","modified_gmt":"2024-11-07T10:09:18","slug":"leurtzako-urtegiak","status":"publish","type":"page","link":"http:\/\/www.urrotz.eus\/es\/leurtzako-urtegiak\/","title":{"rendered":"Leurtza y naturaleza"},"content":{"rendered":"<p><\/p>\n<h2>Embalses de Leurtza:<\/h2>\n<p style=\"text-align: justify\">Los dos\u00a0embalses de Leurtza se construyeron a comienzos del siglo XX.<\/p>\n<div class=\"jp_content\" style=\"text-align: justify\">\n<div class=\"item-page\">\n<p>Hoy Leurtza es un lugar donde\u00a0los valores medioambientales y naturales\u00a0 est\u00e1n protegidos,\u00a0en convivencia con usos humanos\u00a0tan diversos como la explotaci\u00f3n hidroel\u00e9ctrica, la actividad ganadera, el uso forestal, la caza, la pesca, la recolecci\u00f3n de setas y actividades de ocio como el senderismo, el monta\u00f1ismo o la\u00a0pl\u00e1cida observaci\u00f3n y disfrute de la naturaleza.<\/p>\n<\/div>\n<\/div>\n<p style=\"text-align: justify\"><a style=\"font-family: Helvetica, sans-serif;font-size: 14px;font-style: normal;font-weight: 400;color: #439f55\" href=\"https:\/\/www.leurtza.es\/\"><img loading=\"lazy\" decoding=\"async\" class=\"aligncenter wp-image-8267\" src=\"http:\/\/www.urrotz.eus\/wp-content\/uploads\/sites\/33\/2024\/03\/Leurtza.png\" alt=\"\" width=\"240\" height=\"79\" \/><\/a><\/p>\n<p style=\"text-align: justify\"><span style=\"color: #439f55\"><br \/>\n<\/span><img loading=\"lazy\" decoding=\"async\" class=\"size-medium wp-image-8212 aligncenter\" src=\"http:\/\/www.urrotz.eus\/wp-content\/uploads\/sites\/33\/2023\/05\/Cartel-A4_018-Komunak-berritzea-300x212.jpg\" alt=\"\" width=\"300\" height=\"212\" srcset=\"http:\/\/www.urrotz.eus\/wp-content\/uploads\/sites\/33\/2023\/05\/Cartel-A4_018-Komunak-berritzea-300x212.jpg 300w, http:\/\/www.urrotz.eus\/wp-content\/uploads\/sites\/33\/2023\/05\/Cartel-A4_018-Komunak-berritzea-1024x724.jpg 1024w, http:\/\/www.urrotz.eus\/wp-content\/uploads\/sites\/33\/2023\/05\/Cartel-A4_018-Komunak-berritzea-768x543.jpg 768w, http:\/\/www.urrotz.eus\/wp-content\/uploads\/sites\/33\/2023\/05\/Cartel-A4_018-Komunak-berritzea-1536x1086.jpg 1536w, http:\/\/www.urrotz.eus\/wp-content\/uploads\/sites\/33\/2023\/05\/Cartel-A4_018-Komunak-berritzea.jpg 1755w\" sizes=\"auto, (max-width: 300px) 100vw, 300px\" \/><\/p>\n\n\t\t<style type=\"text\/css\">\n\t\t\t#gallery-2 {\n\t\t\t\tmargin: auto;\n\t\t\t}\n\t\t\t#gallery-2 .gallery-item {\n\t\t\t\tfloat: left;\n\t\t\t\tmargin-top: 10px;\n\t\t\t\ttext-align: center;\n\t\t\t\twidth: 50%;\n\t\t\t}\n\t\t\t#gallery-2 img {\n\t\t\t\tborder: 2px solid #cfcfcf;\n\t\t\t}\n\t\t\t#gallery-2 .gallery-caption {\n\t\t\t\tmargin-left: 0;\n\t\t\t}\n\t\t\t\/* see gallery_shortcode() in wp-includes\/media.php *\/\n\t\t<\/style>\n\t\t<div data-carousel-extra='{\"blog_id\":33,\"permalink\":\"http:\\\/\\\/www.urrotz.eus\\\/es\\\/leurtzako-urtegiak\\\/\",\"likes_blog_id\":false}' id='gallery-2' class='gallery galleryid-7488 gallery-columns-2 gallery-size-thumbnail'><dl class='gallery-item'>\n\t\t\t<dt class='gallery-icon landscape'>\n\t\t\t\t<a href='http:\/\/www.urrotz.eus\/es\/leurtzako-urtegiak\/p1030039-2\/'><img loading=\"lazy\" decoding=\"async\" width=\"150\" height=\"150\" src=\"http:\/\/www.urrotz.eus\/wp-content\/uploads\/sites\/33\/2024\/03\/P1030039-150x150.jpg\" class=\"attachment-thumbnail size-thumbnail\" alt=\"\" srcset=\"http:\/\/www.urrotz.eus\/wp-content\/uploads\/sites\/33\/2024\/03\/P1030039-150x150.jpg 150w, http:\/\/www.urrotz.eus\/wp-content\/uploads\/sites\/33\/2024\/03\/P1030039-200x200.jpg 200w, http:\/\/www.urrotz.eus\/wp-content\/uploads\/sites\/33\/2024\/03\/P1030039-230x230.jpg 230w\" sizes=\"auto, (max-width: 150px) 100vw, 150px\" data-attachment-id=\"8274\" data-orig-file=\"http:\/\/www.urrotz.eus\/wp-content\/uploads\/sites\/33\/2024\/03\/P1030039.jpg\" data-orig-size=\"640,480\" data-comments-opened=\"0\" data-image-meta=\"{&quot;aperture&quot;:&quot;0&quot;,&quot;credit&quot;:&quot;&quot;,&quot;camera&quot;:&quot;&quot;,&quot;caption&quot;:&quot;&quot;,&quot;created_timestamp&quot;:&quot;0&quot;,&quot;copyright&quot;:&quot;&quot;,&quot;focal_length&quot;:&quot;0&quot;,&quot;iso&quot;:&quot;0&quot;,&quot;shutter_speed&quot;:&quot;0&quot;,&quot;title&quot;:&quot;&quot;,&quot;orientation&quot;:&quot;0&quot;,&quot;keywords&quot;:&quot;Array&quot;}\" data-image-title=\"P1030039\" data-image-description=\"\" data-medium-file=\"http:\/\/www.urrotz.eus\/wp-content\/uploads\/sites\/33\/2024\/03\/P1030039-300x225.jpg\" data-large-file=\"http:\/\/www.urrotz.eus\/wp-content\/uploads\/sites\/33\/2024\/03\/P1030039.jpg\" \/><\/a>\n\t\t\t<\/dt><\/dl><dl class='gallery-item'>\n\t\t\t<dt class='gallery-icon landscape'>\n\t\t\t\t<a href='http:\/\/www.urrotz.eus\/es\/leurtzako-urtegiak\/p1010159-1024x768\/'><img loading=\"lazy\" decoding=\"async\" width=\"150\" height=\"150\" src=\"http:\/\/www.urrotz.eus\/wp-content\/uploads\/sites\/33\/2024\/03\/P1010159-1024x768-1-150x150.jpg\" class=\"attachment-thumbnail size-thumbnail\" alt=\"\" srcset=\"http:\/\/www.urrotz.eus\/wp-content\/uploads\/sites\/33\/2024\/03\/P1010159-1024x768-1-150x150.jpg 150w, http:\/\/www.urrotz.eus\/wp-content\/uploads\/sites\/33\/2024\/03\/P1010159-1024x768-1-200x200.jpg 200w, http:\/\/www.urrotz.eus\/wp-content\/uploads\/sites\/33\/2024\/03\/P1010159-1024x768-1-230x230.jpg 230w\" sizes=\"auto, (max-width: 150px) 100vw, 150px\" data-attachment-id=\"8273\" data-orig-file=\"http:\/\/www.urrotz.eus\/wp-content\/uploads\/sites\/33\/2024\/03\/P1010159-1024x768-1.jpg\" data-orig-size=\"1024,768\" data-comments-opened=\"0\" data-image-meta=\"{&quot;aperture&quot;:&quot;0&quot;,&quot;credit&quot;:&quot;&quot;,&quot;camera&quot;:&quot;&quot;,&quot;caption&quot;:&quot;&quot;,&quot;created_timestamp&quot;:&quot;0&quot;,&quot;copyright&quot;:&quot;&quot;,&quot;focal_length&quot;:&quot;0&quot;,&quot;iso&quot;:&quot;0&quot;,&quot;shutter_speed&quot;:&quot;0&quot;,&quot;title&quot;:&quot;&quot;,&quot;orientation&quot;:&quot;0&quot;,&quot;keywords&quot;:&quot;Array&quot;}\" data-image-title=\"P1010159-1024&#215;768\" data-image-description=\"\" data-medium-file=\"http:\/\/www.urrotz.eus\/wp-content\/uploads\/sites\/33\/2024\/03\/P1010159-1024x768-1-300x225.jpg\" data-large-file=\"http:\/\/www.urrotz.eus\/wp-content\/uploads\/sites\/33\/2024\/03\/P1010159-1024x768-1.jpg\" \/><\/a>\n\t\t\t<\/dt><\/dl><br style=\"clear: both\" \/>\n\t\t<\/div>\n\n<h2 style=\"text-align: justify\">Naturaleza:<\/h2>\n<p class=\"font_8\" style=\"text-align: justify\"><span class=\"color_15\">El clima de la zona corresponde al clima oce\u00e1nico que destaca por sus suaves temperaturas durante todo el a\u00f1o (10\u00baC-20\u00baC) y por las abundantes precipitaciones por los vientos h\u00famedos del Atl\u00e1ntico.<\/span><\/p>\n<p class=\"font_8\" style=\"text-align: justify\"><span class=\"color_15\"><span class=\"wixGuard\">\u200b<\/span><\/span><span class=\"color_15\">Es por ello que la vegetaci\u00f3n t\u00edpica de la zona se corresponde con una predominancia del\u00a0haya\u00a0(Fagus sylvatica) y del\u00a0roble com\u00fan\u00a0(Quercus robur).<\/span><\/p>\n<p class=\"font_8\" style=\"text-align: justify\"><span class=\"color_15\">Adem\u00e1s, cabe destacar la presencia de otras especies como el acebo, espino albar, casta\u00f1os\u2026<\/span><\/p>\n<p style=\"text-align: justify\"><img loading=\"lazy\" decoding=\"async\" class=\"aligncenter\" src=\"https:\/\/static.wixstatic.com\/media\/8c5b23_a80c4fdae603447ab76e40b7b30be48f~mv2.jpg\/v1\/fill\/w_461,h_337,al_c,q_80,usm_0.66_1.00_0.01\/8c5b23_a80c4fdae603447ab76e40b7b30be48f~mv2.webp\" width=\"346\" height=\"253\" \/><\/p>\n<p class=\"font_8\" style=\"text-align: justify\"><span class=\"color_15\">En cuanto a la fauna, la zona de Urroz y sus alrededores es visitada por animales como el jabal\u00ed, el zorro, el corzo y el tej\u00f3n. \u00a0<\/span><span class=\"color_15\">Asimismo, y como resultado de medidas para mejorar su h\u00e1bitat, comienza a ser m\u00e1s habitual la presencia de diversas especies de murci\u00e9lagos.<\/span><\/p>\n<p class=\"font_8\" style=\"text-align: justify\"><span class=\"color_15\">Cabe destacar la presencia de la\u00a0rana bermeja\u00a0como s\u00edmbolo de los embalses de Leurtza.<\/span><\/p>\n<p style=\"text-align: justify\"><img loading=\"lazy\" decoding=\"async\" class=\"aligncenter\" src=\"https:\/\/static.wixstatic.com\/media\/8c5b23_130af4447d50442ba633db8653239357~mv2.jpg\/v1\/fill\/w_385,h_254,al_c,q_80,usm_0.66_1.00_0.01\/8c5b23_130af4447d50442ba633db8653239357~mv2.webp\" width=\"330\" height=\"218\" \/><\/p>\n<p style=\"text-align: justify\">En el aspecto ornitol\u00f3gico, se puede la gran cantidad de veces que aparece el\u00a0buitre leonado\u00a0en los pastizales entorno al pico\u00a0Munazorrotz.<\/p>\n<p><img loading=\"lazy\" decoding=\"async\" class=\"aligncenter\" src=\"https:\/\/static.wixstatic.com\/media\/8c5b23_12ec949bfd8a44889a4d5d9f5b9aaf63~mv2.jpg\/v1\/fill\/w_600,h_337,al_c,q_80,usm_0.66_1.00_0.01\/8c5b23_12ec949bfd8a44889a4d5d9f5b9aaf63~mv2.webp\" width=\"502\" height=\"282\" \/><\/p>","protected":false},"excerpt":{"rendered":"<p>Embalses de Leurtza: Los dos\u00a0embalses de Leurtza se construyeron a comienzos del siglo XX. Hoy Leurtza es un lugar donde\u00a0los valores medioambientales y naturales\u00a0 est\u00e1n protegidos,\u00a0en convivencia con usos humanos\u00a0tan diversos como la explotaci\u00f3n hidroel\u00e9ctrica, la actividad ganadera, el uso&hellip; <\/p>\n","protected":false},"author":19041,"featured_media":0,"parent":0,"menu_order":27,"comment_status":"closed","ping_status":"closed","template":"","meta":{"_monsterinsights_skip_tracking":false,"_monsterinsights_sitenote_active":false,"_monsterinsights_sitenote_note":"","_monsterinsights_sitenote_category":0,"footnotes":""},"class_list":["post-7488","page","type-page","status-publish","hentry"],"yoast_head":"<!-- This site is optimized with the Yoast SEO plugin v26.8 - https:\/\/yoast.com\/product\/yoast-seo-wordpress\/ -->\r\n<title>Leurtza y naturaleza - Ayuntamiento de Urrotz<\/title>\r\n<meta name=\"robots\" content=\"index, follow, max-snippet:-1, max-image-preview:large, max-video-preview:-1\" \/>\r\n<link rel=\"canonical\" href=\"http:\/\/www.urrotz.eus\/es\/leurtzako-urtegiak\/\" \/>\r\n<meta property=\"og:locale\" content=\"es_ES\" \/>\r\n<meta property=\"og:type\" content=\"article\" \/>\r\n<meta property=\"og:title\" content=\"Leurtza y naturaleza - Ayuntamiento de Urrotz\" \/>\r\n<meta property=\"og:description\" content=\"Embalses de Leurtza: Los dos\u00a0embalses de Leurtza se construyeron a comienzos del siglo XX. Hoy Leurtza es un lugar donde\u00a0los valores medioambientales y naturales\u00a0 est\u00e1n protegidos,\u00a0en convivencia con usos humanos\u00a0tan diversos como la explotaci\u00f3n hidroel\u00e9ctrica, la actividad ganadera, el uso&hellip;\" \/>\r\n<meta property=\"og:url\" content=\"http:\/\/www.urrotz.eus\/es\/leurtzako-urtegiak\/\" \/>\r\n<meta property=\"og:site_name\" content=\"Ayuntamiento de Urrotz\" \/>\r\n<meta property=\"article:modified_time\" content=\"2024-11-07T10:09:18+00:00\" \/>\r\n<meta property=\"og:image\" content=\"http:\/\/www.urrotz.eus\/wp-content\/uploads\/sites\/33\/2024\/03\/P1030039-150x150.jpg\" \/>\r\n<meta name=\"twitter:card\" content=\"summary_large_image\" \/>\r\n<meta name=\"twitter:label1\" content=\"Tiempo de lectura\" \/>\n\t<meta name=\"twitter:data1\" content=\"2 minutos\" \/>\r\n<script type=\"application\/ld+json\" class=\"yoast-schema-graph\">{\"@context\":\"https:\/\/schema.org\",\"@graph\":[{\"@type\":\"WebPage\",\"@id\":\"http:\/\/www.urrotz.eus\/es\/leurtzako-urtegiak\/\",\"url\":\"http:\/\/www.urrotz.eus\/es\/leurtzako-urtegiak\/\",\"name\":\"Leurtza y naturaleza - Ayuntamiento de Urrotz\",\"isPartOf\":{\"@id\":\"http:\/\/www.urrotz.eus\/es\/#website\"},\"primaryImageOfPage\":{\"@id\":\"http:\/\/www.urrotz.eus\/es\/leurtzako-urtegiak\/#primaryimage\"},\"image\":{\"@id\":\"http:\/\/www.urrotz.eus\/leurtzako-urtegiak\/#primaryimage\"},\"thumbnailUrl\":\"http:\/\/www.urrotz.eus\/wp-content\/uploads\/sites\/33\/2024\/03\/Leurtza.png\",\"datePublished\":\"2019-01-02T17:04:26+00:00\",\"dateModified\":\"2024-11-07T10:09:18+00:00\",\"breadcrumb\":{\"@id\":\"http:\/\/www.urrotz.eus\/es\/leurtzako-urtegiak\/#breadcrumb\"},\"inLanguage\":\"es\",\"potentialAction\":[{\"@type\":\"ReadAction\",\"target\":[[\"http:\/\/www.urrotz.eus\/es\/leurtzako-urtegiak\/\"]]}]},{\"@type\":\"ImageObject\",\"inLanguage\":\"es\",\"@id\":\"http:\/\/www.urrotz.eus\/es\/leurtzako-urtegiak\/#primaryimage\",\"url\":\"http:\/\/www.urrotz.eus\/wp-content\/uploads\/sites\/33\/2024\/03\/Leurtza.png\",\"contentUrl\":\"http:\/\/www.urrotz.eus\/wp-content\/uploads\/sites\/33\/2024\/03\/Leurtza.png\"},{\"@type\":\"BreadcrumbList\",\"@id\":\"http:\/\/www.urrotz.eus\/es\/leurtzako-urtegiak\/#breadcrumb\",\"itemListElement\":[{\"@type\":\"ListItem\",\"position\":1,\"name\":\"Home\",\"item\":\"http:\/\/www.urrotz.eus\/es\/\"},{\"@type\":\"ListItem\",\"position\":2,\"name\":\"Leurtza y naturaleza\"}]},{\"@type\":\"WebSite\",\"@id\":\"http:\/\/www.urrotz.eus\/es\/#website\",\"url\":\"http:\/\/www.urrotz.eus\/es\/\",\"name\":\"Ayuntamiento de Urrotz\",\"description\":\"Sitio web del Ayuntamiento de Urrotz\",\"potentialAction\":[{\"@type\":\"SearchAction\",\"target\":{\"@type\":\"EntryPoint\",\"urlTemplate\":\"http:\/\/www.urrotz.eus\/es\/?s={search_term_string}\"},\"query-input\":{\"@type\":\"PropertyValueSpecification\",\"valueRequired\":true,\"valueName\":\"search_term_string\"}}],\"inLanguage\":\"es\"}]}<\/script>\r\n<!-- \/ Yoast SEO plugin. -->","yoast_head_json":{"title":"Leurtza y naturaleza - Ayuntamiento de Urrotz","robots":{"index":"index","follow":"follow","max-snippet":"max-snippet:-1","max-image-preview":"max-image-preview:large","max-video-preview":"max-video-preview:-1"},"canonical":"http:\/\/www.urrotz.eus\/es\/leurtzako-urtegiak\/","og_locale":"es_ES","og_type":"article","og_title":"Leurtza y naturaleza - Ayuntamiento de Urrotz","og_description":"Embalses de Leurtza: Los dos\u00a0embalses de Leurtza se construyeron a comienzos del siglo XX. Hoy Leurtza es un lugar donde\u00a0los valores medioambientales y naturales\u00a0 est\u00e1n protegidos,\u00a0en convivencia con usos humanos\u00a0tan diversos como la explotaci\u00f3n hidroel\u00e9ctrica, la actividad ganadera, el uso&hellip;","og_url":"http:\/\/www.urrotz.eus\/es\/leurtzako-urtegiak\/","og_site_name":"Ayuntamiento de Urrotz","article_modified_time":"2024-11-07T10:09:18+00:00","og_image":[{"url":"http:\/\/www.urrotz.eus\/wp-content\/uploads\/sites\/33\/2024\/03\/P1030039-150x150.jpg","type":"","width":"","height":""}],"twitter_card":"summary_large_image","twitter_misc":{"Tiempo de lectura":"2 minutos"},"schema":{"@context":"https:\/\/schema.org","@graph":[{"@type":"WebPage","@id":"http:\/\/www.urrotz.eus\/es\/leurtzako-urtegiak\/","url":"http:\/\/www.urrotz.eus\/es\/leurtzako-urtegiak\/","name":"Leurtza y naturaleza - Ayuntamiento de Urrotz","isPartOf":{"@id":"http:\/\/www.urrotz.eus\/es\/#website"},"primaryImageOfPage":{"@id":"http:\/\/www.urrotz.eus\/es\/leurtzako-urtegiak\/#primaryimage"},"image":{"@id":"http:\/\/www.urrotz.eus\/leurtzako-urtegiak\/#primaryimage"},"thumbnailUrl":"http:\/\/www.urrotz.eus\/wp-content\/uploads\/sites\/33\/2024\/03\/Leurtza.png","datePublished":"2019-01-02T17:04:26+00:00","dateModified":"2024-11-07T10:09:18+00:00","breadcrumb":{"@id":"http:\/\/www.urrotz.eus\/es\/leurtzako-urtegiak\/#breadcrumb"},"inLanguage":"es","potentialAction":[{"@type":"ReadAction","target":[["http:\/\/www.urrotz.eus\/es\/leurtzako-urtegiak\/"]]}]},{"@type":"ImageObject","inLanguage":"es","@id":"http:\/\/www.urrotz.eus\/es\/leurtzako-urtegiak\/#primaryimage","url":"http:\/\/www.urrotz.eus\/wp-content\/uploads\/sites\/33\/2024\/03\/Leurtza.png","contentUrl":"http:\/\/www.urrotz.eus\/wp-content\/uploads\/sites\/33\/2024\/03\/Leurtza.png"},{"@type":"BreadcrumbList","@id":"http:\/\/www.urrotz.eus\/es\/leurtzako-urtegiak\/#breadcrumb","itemListElement":[{"@type":"ListItem","position":1,"name":"Home","item":"http:\/\/www.urrotz.eus\/es\/"},{"@type":"ListItem","position":2,"name":"Leurtza y naturaleza"}]},{"@type":"WebSite","@id":"http:\/\/www.urrotz.eus\/es\/#website","url":"http:\/\/www.urrotz.eus\/es\/","name":"Ayuntamiento de Urrotz","description":"Sitio web del Ayuntamiento de Urrotz","potentialAction":[{"@type":"SearchAction","target":{"@type":"EntryPoint","urlTemplate":"http:\/\/www.urrotz.eus\/es\/?s={search_term_string}"},"query-input":{"@type":"PropertyValueSpecification","valueRequired":true,"valueName":"search_term_string"}}],"inLanguage":"es"}]}},"_links":{"self":[{"href":"http:\/\/www.urrotz.eus\/es\/wp-json\/wp\/v2\/pages\/7488","targetHints":{"allow":["GET"]}}],"collection":[{"href":"http:\/\/www.urrotz.eus\/es\/wp-json\/wp\/v2\/pages"}],"about":[{"href":"http:\/\/www.urrotz.eus\/es\/wp-json\/wp\/v2\/types\/page"}],"author":[{"embeddable":true,"href":"http:\/\/www.urrotz.eus\/es\/wp-json\/wp\/v2\/users\/19041"}],"replies":[{"embeddable":true,"href":"http:\/\/www.urrotz.eus\/es\/wp-json\/wp\/v2\/comments?post=7488"}],"version-history":[{"count":14,"href":"http:\/\/www.urrotz.eus\/es\/wp-json\/wp\/v2\/pages\/7488\/revisions"}],"predecessor-version":[{"id":8348,"href":"http:\/\/www.urrotz.eus\/es\/wp-json\/wp\/v2\/pages\/7488\/revisions\/8348"}],"wp:attachment":[{"href":"http:\/\/www.urrotz.eus\/es\/wp-json\/wp\/v2\/media?parent=7488"}],"curies":[{"name":"wp","href":"https:\/\/api.w.org\/{rel}","templated":true}]}}